{"id":3,"date":"2021-10-05T18:32:22","date_gmt":"2021-10-05T16:32:22","guid":{"rendered":"http:\/\/elsotanoanalogico.com\/?page_id=3"},"modified":"2022-07-06T13:51:06","modified_gmt":"2022-07-06T12:51:06","slug":"videoclub","status":"publish","type":"page","link":"https:\/\/elsotanoanalogico.com\/index.php\/videoclub\/","title":{"rendered":"Videoclub"},"content":{"rendered":"\n<h2 class=\"wp-block-heading\">\u00bfD\u00f3nde estamos?<\/h2>\n\n\n\n<p>En Las Palmas de Gran Canaria. Calle Tom\u00e1s Morales 16, S\u00f3tano Izquierdo.<\/p>\n\n\n\n<h2 class=\"wp-block-heading\">El videoclub VHS<\/h2>\n\n\n\n<p>Nuestro videoclub surgi\u00f3 as\u00ed:<\/p>\n\n\n\n<p>Don Cipriano M\u00e1rquez Gonz\u00e1lez fue un ciudadano de Las Palmas de Gran Canaria que, durante la \u00faltima etapa de su vida (d\u00e9cada de 1990 y 2000), se dedic\u00f3 a grabar meticulosamente en cintas de VHS y Betamax casi todas las pel\u00edculas que se emit\u00edan en aquella \u00e9poca por televisi\u00f3n.&nbsp;<\/p>\n\n\n\n<p>Como muchas veces coincid\u00eda que varios canales pon\u00edan las pel\u00edculas al mismo tiempo, Don Cipriano ten\u00eda en su casa de La Isleta tres videograbadoras conectadas a sus correspondientes televisores de tubo. Con este equipo, grababa desde su centro de control hasta tres pel\u00edculas simult\u00e1neamente desde el segundo exacto de su inicio, pausando la cinta durante los cortes publicitarios, y parando en el momento justo del final de los cr\u00e9ditos.&nbsp;<\/p>\n\n\n\n<p>Despu\u00e9s, compon\u00eda la car\u00e1tula para el estuche del VHS de forma artesanal. Para ello ten\u00eda preparadas varias revistas de programaci\u00f3n de televisi\u00f3n, de las cuales recortaba los art\u00edculos correspondientes. Estos recortes los pegaba a modo de collage en una hoja en blanco que met\u00eda en el espacio dedicado a la car\u00e1tula de estos estuches. Tambi\u00e9n fabricaba as\u00ed las pegatinas, tanto para el frontal, como para el lomo del casete de VHS. En caso de no encontrar informaci\u00f3n de la pel\u00edcula emitida en estas revistas, redactaba en un folio con una m\u00e1quina de escribir todos los datos de la cinta: t\u00edtulos, cr\u00e9ditos, y una breve sinopsis, con las que dise\u00f1aba sus car\u00e1tulas y pegatinas personalizadas.&nbsp;<\/p>\n\n\n\n<p>Todas las pel\u00edculas se numeraban y catalogaban, antes de ser guardadas definitivamente en los armarios-vitrina que Don Cipriano ten\u00eda en el sal\u00f3n y en los pasillos de su casa. As\u00ed, lleg\u00f3 a tener un archivo perfectamente conservado de varios miles de t\u00edtulos, de los cuales la mayor\u00eda nunca m\u00e1s se volvieron a visionar.&nbsp;<\/p>\n\n\n\n<p>Varios a\u00f1os despu\u00e9s de su muerte en el a\u00f1o 2012, sus herederos empezaron a reformar la casa. En una primera limpieza, se tiraron m\u00e1s de dos mil cintas de video a la basura. El meticuloso y descomunal trabajo que Don Cipriano realiz\u00f3 tantos a\u00f1os durante la era del video anal\u00f3gico pierde su sentido en un mundo digitalizado y democratizado, en donde todos los contenidos son accesibles para todos, en cualquier lugar y momento. En la \u00e9poca actual del streaming, todos los soportes anteriores han quedado obsoletos. Los mecanismos del mercado imponen a los consumidores adaptarse a los nuevos formatos, aunque los viejos sigan funcionando. El producto desfasado o fuera de moda pierde valor hasta convertirse en basura.&nbsp;<\/p>\n\n\n\n<p>No todas las cintas de la casa de La Isleta se llegaron a tirar. En un armario se descubrieron posteriormente otras 627 cintas con 1069 pel\u00edculas grabadas en total. El artista Oliver Behrmann trabajaba al mismo tiempo en un proyecto de video experimental partiendo del antiguo formato VHS. Cuando se entera de este descubrimiento, se pone en contacto con los herederos y traslada todas las cintas a El S\u00f3tano Anal\u00f3gico, un laboratorio de experimentaci\u00f3n art\u00edstica con tecnolog\u00eda obsoleta. Desde el principio ten\u00eda previsto montar all\u00ed un videoclub VHS, pero hasta aquel entonces, no contaba con suficientes cintas.&nbsp;<\/p>\n\n\n\n<p>El material donado se vuelve a catalogar y se coloca sobre unas estanter\u00edas fabricadas a medida para ello. (Re)nace as\u00ed la Colecci\u00f3n Don Cipriano M\u00e1rquez Gonz\u00e1lez de pel\u00edculas emitidas en televisi\u00f3n en Espa\u00f1a durante las d\u00e9cadas de 1990 y 2000. Este videoclub representa una met\u00e1fora del miedo al futuro en la sociedad actual, que desde un presente dist\u00f3pico golpeado por la pandemia y el cambio clim\u00e1tico, busca refugio en un pasado rom\u00e1ntico e idealizado. El soci\u00f3logo Zygmunt Bauman describe este concepto en su libro p\u00f3stumo, Retrotop\u00eda.&nbsp;<\/p>\n\n\n\n<p>El videoclub abre este archivo a pr\u00e9stamo a todos los socios de la asociaci\u00f3n cultural El S\u00f3tano Anal\u00f3gico. Tambi\u00e9n es posible alquilar reproductores de VHS y televisores de tubo, para tener la experiencia completa de un viaje en el tiempo. Un tiempo, en el que Virus solo era el t\u00edtulo de una pel\u00edcula.&nbsp;<\/p>\n\n\n\n<p>La recuperaci\u00f3n del archivo de Don Cipriano no solo representa un ejercicio de arqueolog\u00eda del VHS, sino que invita adem\u00e1s, a una reflexi\u00f3n sobre la obsolescencia tecnol\u00f3gica en una sociedad del consumo cada vez m\u00e1s acelerada.&nbsp;<\/p>\n","protected":false},"excerpt":{"rendered":"<p>\u00bfD\u00f3nde estamos? En Las Palmas de Gran Canaria. Calle Tom\u00e1s Morales 16, S\u00f3tano Izquierdo. El videoclub VHS Nuestro videoclub surgi\u00f3 as\u00ed: Don Cipriano M\u00e1rquez Gonz\u00e1lez fue un ciudadano de Las [&hellip;]<\/p>\n","protected":false},"author":2,"featured_media":0,"parent":0,"menu_order":2,"comment_status":"closed","ping_status":"open","template":"","meta":{"footnotes":""},"class_list":["post-3","page","type-page","status-publish","hentry"],"_links":{"self":[{"href":"https:\/\/elsotanoanalogico.com\/index.php\/wp-json\/wp\/v2\/pages\/3","targetHints":{"allow":["GET"]}}],"collection":[{"href":"https:\/\/elsotanoanalogico.com\/index.php\/wp-json\/wp\/v2\/pages"}],"about":[{"href":"https:\/\/elsotanoanalogico.com\/index.php\/wp-json\/wp\/v2\/types\/page"}],"author":[{"embeddable":true,"href":"https:\/\/elsotanoanalogico.com\/index.php\/wp-json\/wp\/v2\/users\/2"}],"replies":[{"embeddable":true,"href":"https:\/\/elsotanoanalogico.com\/index.php\/wp-json\/wp\/v2\/comments?post=3"}],"version-history":[{"count":9,"href":"https:\/\/elsotanoanalogico.com\/index.php\/wp-json\/wp\/v2\/pages\/3\/revisions"}],"predecessor-version":[{"id":499,"href":"https:\/\/elsotanoanalogico.com\/index.php\/wp-json\/wp\/v2\/pages\/3\/revisions\/499"}],"wp:attachment":[{"href":"https:\/\/elsotanoanalogico.com\/index.php\/wp-json\/wp\/v2\/media?parent=3"}],"curies":[{"name":"wp","href":"https:\/\/api.w.org\/{rel}","templated":true}]}}