{"id":82,"date":"2021-10-06T23:49:44","date_gmt":"2021-10-06T22:49:44","guid":{"rendered":"https:\/\/elsotanoanalogico.com\/?page_id=82"},"modified":"2024-01-24T16:10:07","modified_gmt":"2024-01-24T16:10:07","slug":"que-somos","status":"publish","type":"page","link":"https:\/\/elsotanoanalogico.com\/index.php\/que-somos\/","title":{"rendered":"\u00bfQu\u00e9 Somos?"},"content":{"rendered":"\n<p><strong>El S\u00f3tano Anal\u00f3gico<\/strong> es una asociaci\u00f3n cultural que promueve el uso y la conservaci\u00f3n de aparatos audiovisuales anal\u00f3gicos para fines creativos.<\/p>\n\n\n\n<figure class=\"wp-block-gallery has-nested-images columns-default is-cropped wp-block-gallery-1 is-layout-flex wp-block-gallery-is-layout-flex\">\n<figure class=\"wp-block-image size-large is-style-default\"><img loading=\"lazy\" decoding=\"async\" width=\"1024\" height=\"768\" data-id=\"1115\" src=\"https:\/\/elsotanoanalogico.com\/wp-content\/uploads\/2024\/01\/012-1024x768.jpeg\" alt=\"\" class=\"wp-image-1115\" srcset=\"https:\/\/elsotanoanalogico.com\/wp-content\/uploads\/2024\/01\/012-1024x768.jpeg 1024w, https:\/\/elsotanoanalogico.com\/wp-content\/uploads\/2024\/01\/012-300x225.jpeg 300w, https:\/\/elsotanoanalogico.com\/wp-content\/uploads\/2024\/01\/012-768x576.jpeg 768w, https:\/\/elsotanoanalogico.com\/wp-content\/uploads\/2024\/01\/012-1536x1152.jpeg 1536w, https:\/\/elsotanoanalogico.com\/wp-content\/uploads\/2024\/01\/012-1200x900.jpeg 1200w, https:\/\/elsotanoanalogico.com\/wp-content\/uploads\/2024\/01\/012.jpeg 1600w\" sizes=\"auto, (max-width: 1024px) 100vw, 1024px\" \/><\/figure>\n<\/figure>\n\n\n\n<p><br>Fue fundada a mediados de 2020 por el productor Alexis Cabrera y el artista Oliver Behrmann. Su sede se encuentra en el Paseo de Tom\u00e1s Morales 16, s\u00f3tano izquierdo, en Las Palmas de Gran Canaria. El local cuenta con un v\u00eddeo-club VHS, una zona de retrogaming, un taller-laboratorio, y un espacio multifuncional con escenario.<\/p>\n\n\n\n<figure class=\"wp-block-gallery has-nested-images columns-default is-cropped wp-block-gallery-2 is-layout-flex wp-block-gallery-is-layout-flex\">\n<figure class=\"wp-block-image size-large is-style-default\"><img loading=\"lazy\" decoding=\"async\" width=\"1024\" height=\"768\" data-id=\"1119\" src=\"https:\/\/elsotanoanalogico.com\/wp-content\/uploads\/2024\/01\/011-1-1024x768.jpeg\" alt=\"\" class=\"wp-image-1119\" srcset=\"https:\/\/elsotanoanalogico.com\/wp-content\/uploads\/2024\/01\/011-1-1024x768.jpeg 1024w, https:\/\/elsotanoanalogico.com\/wp-content\/uploads\/2024\/01\/011-1-300x225.jpeg 300w, https:\/\/elsotanoanalogico.com\/wp-content\/uploads\/2024\/01\/011-1-768x576.jpeg 768w, https:\/\/elsotanoanalogico.com\/wp-content\/uploads\/2024\/01\/011-1-1536x1152.jpeg 1536w, https:\/\/elsotanoanalogico.com\/wp-content\/uploads\/2024\/01\/011-1-1200x900.jpeg 1200w, https:\/\/elsotanoanalogico.com\/wp-content\/uploads\/2024\/01\/011-1.jpeg 1600w\" sizes=\"auto, (max-width: 1024px) 100vw, 1024px\" \/><\/figure>\n\n\n\n<figure class=\"wp-block-image size-large is-style-default\"><img loading=\"lazy\" decoding=\"async\" width=\"1024\" height=\"768\" data-id=\"1118\" src=\"https:\/\/elsotanoanalogico.com\/wp-content\/uploads\/2024\/01\/00-1-1024x768.jpeg\" alt=\"\" class=\"wp-image-1118\" srcset=\"https:\/\/elsotanoanalogico.com\/wp-content\/uploads\/2024\/01\/00-1-1024x768.jpeg 1024w, https:\/\/elsotanoanalogico.com\/wp-content\/uploads\/2024\/01\/00-1-300x225.jpeg 300w, https:\/\/elsotanoanalogico.com\/wp-content\/uploads\/2024\/01\/00-1-768x576.jpeg 768w, https:\/\/elsotanoanalogico.com\/wp-content\/uploads\/2024\/01\/00-1-1536x1152.jpeg 1536w, https:\/\/elsotanoanalogico.com\/wp-content\/uploads\/2024\/01\/00-1-1200x900.jpeg 1200w, https:\/\/elsotanoanalogico.com\/wp-content\/uploads\/2024\/01\/00-1.jpeg 1600w\" sizes=\"auto, (max-width: 1024px) 100vw, 1024px\" \/><\/figure>\n<\/figure>\n\n\n\n<p>Abre al p\u00fablico todos los mi\u00e9rcoles por la noche, siendo un punto de encuentro para personas interesadas tanto en la tecnolog\u00eda retro, como en la cultura m\u00e1s actual. En estos <strong>\u201cmi\u00e9rcoles anal\u00f3gicos\u201d<\/strong> se puede utilizar la zona de retrogaming, probar aparatos y hacer consultas t\u00e9cnicas. Tambi\u00e9n a veces se proyectan pel\u00edculas, o espont\u00e1neamente alg\u00fan asistente se sube al escenario para hacer una jam session.<\/p>\n\n\n\n<figure class=\"wp-block-gallery has-nested-images columns-default is-cropped wp-block-gallery-3 is-layout-flex wp-block-gallery-is-layout-flex\">\n<figure class=\"wp-block-image size-large is-style-default\"><img loading=\"lazy\" decoding=\"async\" width=\"1024\" height=\"768\" data-id=\"1120\" src=\"https:\/\/elsotanoanalogico.com\/wp-content\/uploads\/2024\/01\/001-1-1024x768.jpeg\" alt=\"\" class=\"wp-image-1120\" srcset=\"https:\/\/elsotanoanalogico.com\/wp-content\/uploads\/2024\/01\/001-1-1024x768.jpeg 1024w, https:\/\/elsotanoanalogico.com\/wp-content\/uploads\/2024\/01\/001-1-300x225.jpeg 300w, https:\/\/elsotanoanalogico.com\/wp-content\/uploads\/2024\/01\/001-1-768x576.jpeg 768w, https:\/\/elsotanoanalogico.com\/wp-content\/uploads\/2024\/01\/001-1-1536x1152.jpeg 1536w, https:\/\/elsotanoanalogico.com\/wp-content\/uploads\/2024\/01\/001-1-1200x900.jpeg 1200w, https:\/\/elsotanoanalogico.com\/wp-content\/uploads\/2024\/01\/001-1.jpeg 1600w\" sizes=\"auto, (max-width: 1024px) 100vw, 1024px\" \/><\/figure>\n\n\n\n<figure class=\"wp-block-image size-large is-style-default\"><img loading=\"lazy\" decoding=\"async\" width=\"1024\" height=\"768\" data-id=\"1121\" src=\"https:\/\/elsotanoanalogico.com\/wp-content\/uploads\/2024\/01\/01-1-1024x768.jpeg\" alt=\"\" class=\"wp-image-1121\" srcset=\"https:\/\/elsotanoanalogico.com\/wp-content\/uploads\/2024\/01\/01-1-1024x768.jpeg 1024w, https:\/\/elsotanoanalogico.com\/wp-content\/uploads\/2024\/01\/01-1-300x225.jpeg 300w, https:\/\/elsotanoanalogico.com\/wp-content\/uploads\/2024\/01\/01-1-768x576.jpeg 768w, https:\/\/elsotanoanalogico.com\/wp-content\/uploads\/2024\/01\/01-1-1536x1152.jpeg 1536w, https:\/\/elsotanoanalogico.com\/wp-content\/uploads\/2024\/01\/01-1-1200x900.jpeg 1200w, https:\/\/elsotanoanalogico.com\/wp-content\/uploads\/2024\/01\/01-1.jpeg 1600w\" sizes=\"auto, (max-width: 1024px) 100vw, 1024px\" \/><\/figure>\n<\/figure>\n\n\n\n<p><br>Los fines de semana -principalmente los viernes- tambi\u00e9n abre como sala de eventos, estableci\u00e9ndose como un espacio alternativo dentro de la escena cultural canaria. Desde sus comienzos, se han celebrado all\u00ed m\u00e1s de 90 eventos de todo tipo -principalmente conciertos- con un concepto enfocado en promover a grupos y solistas n\u00f3veles con repertorio propio.<\/p>\n\n\n\n<figure class=\"wp-block-gallery has-nested-images columns-default is-cropped wp-block-gallery-4 is-layout-flex wp-block-gallery-is-layout-flex\">\n<figure class=\"wp-block-image size-large is-style-default\"><img loading=\"lazy\" decoding=\"async\" width=\"1024\" height=\"768\" data-id=\"1122\" src=\"https:\/\/elsotanoanalogico.com\/wp-content\/uploads\/2024\/01\/003-1-1024x768.jpeg\" alt=\"\" class=\"wp-image-1122\" srcset=\"https:\/\/elsotanoanalogico.com\/wp-content\/uploads\/2024\/01\/003-1-1024x768.jpeg 1024w, https:\/\/elsotanoanalogico.com\/wp-content\/uploads\/2024\/01\/003-1-300x225.jpeg 300w, https:\/\/elsotanoanalogico.com\/wp-content\/uploads\/2024\/01\/003-1-768x576.jpeg 768w, https:\/\/elsotanoanalogico.com\/wp-content\/uploads\/2024\/01\/003-1-1536x1152.jpeg 1536w, https:\/\/elsotanoanalogico.com\/wp-content\/uploads\/2024\/01\/003-1-1200x900.jpeg 1200w, https:\/\/elsotanoanalogico.com\/wp-content\/uploads\/2024\/01\/003-1.jpeg 1600w\" sizes=\"auto, (max-width: 1024px) 100vw, 1024px\" \/><\/figure>\n\n\n\n<figure class=\"wp-block-image size-large is-style-default\"><img loading=\"lazy\" decoding=\"async\" width=\"1024\" height=\"768\" data-id=\"1123\" src=\"https:\/\/elsotanoanalogico.com\/wp-content\/uploads\/2024\/01\/002-1-1024x768.jpeg\" alt=\"\" class=\"wp-image-1123\" srcset=\"https:\/\/elsotanoanalogico.com\/wp-content\/uploads\/2024\/01\/002-1-1024x768.jpeg 1024w, https:\/\/elsotanoanalogico.com\/wp-content\/uploads\/2024\/01\/002-1-300x225.jpeg 300w, https:\/\/elsotanoanalogico.com\/wp-content\/uploads\/2024\/01\/002-1-768x576.jpeg 768w, https:\/\/elsotanoanalogico.com\/wp-content\/uploads\/2024\/01\/002-1-1536x1152.jpeg 1536w, https:\/\/elsotanoanalogico.com\/wp-content\/uploads\/2024\/01\/002-1-1200x900.jpeg 1200w, https:\/\/elsotanoanalogico.com\/wp-content\/uploads\/2024\/01\/002-1.jpeg 1600w\" sizes=\"auto, (max-width: 1024px) 100vw, 1024px\" \/><\/figure>\n<\/figure>\n\n\n\n<p><br>Una peculiaridad de este espacio son las sesiones de video-glitch durante las actuaciones. La imagen recogida en directo por una c\u00e1mara de video, es transformada y distorsionada mediante aparatos anal\u00f3gicos modificados, y enviada a una pared de 20 televisores de tubo detr\u00e1s del escenario. La est\u00e9tica de El S\u00f3tano Anal\u00f3gico est\u00e1 basada en el movimiento art\u00edstico Vaporwave y ambientada en los a\u00f1os 80 y 90. El espectador vive una experiencia singular al entrar en este mundo paralelo iluminado con neones azules y rosados, humo artificial, y lleno de aparatos anal\u00f3gicos, que siguen funcionando.<\/p>\n\n\n\n<figure class=\"wp-block-gallery has-nested-images columns-default is-cropped wp-block-gallery-5 is-layout-flex wp-block-gallery-is-layout-flex\">\n<figure class=\"wp-block-image size-large is-style-default\"><img loading=\"lazy\" decoding=\"async\" width=\"1024\" height=\"768\" data-id=\"1125\" src=\"https:\/\/elsotanoanalogico.com\/wp-content\/uploads\/2024\/01\/005-1-1024x768.jpeg\" alt=\"\" class=\"wp-image-1125\" srcset=\"https:\/\/elsotanoanalogico.com\/wp-content\/uploads\/2024\/01\/005-1-1024x768.jpeg 1024w, https:\/\/elsotanoanalogico.com\/wp-content\/uploads\/2024\/01\/005-1-300x225.jpeg 300w, https:\/\/elsotanoanalogico.com\/wp-content\/uploads\/2024\/01\/005-1-768x576.jpeg 768w, https:\/\/elsotanoanalogico.com\/wp-content\/uploads\/2024\/01\/005-1-1536x1152.jpeg 1536w, https:\/\/elsotanoanalogico.com\/wp-content\/uploads\/2024\/01\/005-1-1200x900.jpeg 1200w, https:\/\/elsotanoanalogico.com\/wp-content\/uploads\/2024\/01\/005-1.jpeg 1600w\" sizes=\"auto, (max-width: 1024px) 100vw, 1024px\" \/><\/figure>\n\n\n\n<figure class=\"wp-block-image size-large is-style-default\"><img loading=\"lazy\" decoding=\"async\" width=\"1024\" height=\"768\" data-id=\"1124\" src=\"https:\/\/elsotanoanalogico.com\/wp-content\/uploads\/2024\/01\/004-1-1024x768.jpeg\" alt=\"\" class=\"wp-image-1124\" srcset=\"https:\/\/elsotanoanalogico.com\/wp-content\/uploads\/2024\/01\/004-1-1024x768.jpeg 1024w, https:\/\/elsotanoanalogico.com\/wp-content\/uploads\/2024\/01\/004-1-300x225.jpeg 300w, https:\/\/elsotanoanalogico.com\/wp-content\/uploads\/2024\/01\/004-1-768x576.jpeg 768w, https:\/\/elsotanoanalogico.com\/wp-content\/uploads\/2024\/01\/004-1-1536x1152.jpeg 1536w, https:\/\/elsotanoanalogico.com\/wp-content\/uploads\/2024\/01\/004-1-1200x900.jpeg 1200w, https:\/\/elsotanoanalogico.com\/wp-content\/uploads\/2024\/01\/004-1.jpeg 1600w\" sizes=\"auto, (max-width: 1024px) 100vw, 1024px\" \/><\/figure>\n<\/figure>\n\n\n\n<p><br>Los socios tienen a su disposici\u00f3n el archivo de VHS, compuesto por m\u00e1s de 1600 pel\u00edculas, una amplia colecci\u00f3n de aparatos y c\u00e1maras de v\u00eddeo antiguas en diferentes formatos, tanto de consumo como profesionales, adem\u00e1s de consolas y juegos de retrogaming. El local tambi\u00e9n se alquila para grabaciones y sesiones de fotos, contando con un sistema de iluminaci\u00f3n y numeroso atrezzo vintage.<\/p>\n\n\n\n<figure class=\"wp-block-image size-large is-style-default\"><img loading=\"lazy\" decoding=\"async\" width=\"1024\" height=\"768\" src=\"https:\/\/elsotanoanalogico.com\/wp-content\/uploads\/2024\/01\/008-2-1024x768.jpeg\" alt=\"\" class=\"wp-image-1130\" srcset=\"https:\/\/elsotanoanalogico.com\/wp-content\/uploads\/2024\/01\/008-2-1024x768.jpeg 1024w, https:\/\/elsotanoanalogico.com\/wp-content\/uploads\/2024\/01\/008-2-300x225.jpeg 300w, https:\/\/elsotanoanalogico.com\/wp-content\/uploads\/2024\/01\/008-2-768x576.jpeg 768w, https:\/\/elsotanoanalogico.com\/wp-content\/uploads\/2024\/01\/008-2-1536x1152.jpeg 1536w, https:\/\/elsotanoanalogico.com\/wp-content\/uploads\/2024\/01\/008-2-1200x900.jpeg 1200w, https:\/\/elsotanoanalogico.com\/wp-content\/uploads\/2024\/01\/008-2.jpeg 1600w\" sizes=\"auto, (max-width: 1024px) 100vw, 1024px\" \/><\/figure>\n\n\n\n<p><br>Como novedad, el espacio cuenta ahora con un taller-laboratorio, necesario para tratar los aparatos que necesiten mantenimiento y reparaci\u00f3n, adem\u00e1s de poder digitalizar distintos tipos de cintas de video.<\/p>\n\n\n\n<figure class=\"wp-block-gallery has-nested-images columns-default is-cropped wp-block-gallery-6 is-layout-flex wp-block-gallery-is-layout-flex\">\n<figure class=\"wp-block-image size-large is-style-default\"><img loading=\"lazy\" decoding=\"async\" width=\"768\" height=\"1024\" data-id=\"1127\" src=\"https:\/\/elsotanoanalogico.com\/wp-content\/uploads\/2024\/01\/007-1-768x1024.jpeg\" alt=\"\" class=\"wp-image-1127\" srcset=\"https:\/\/elsotanoanalogico.com\/wp-content\/uploads\/2024\/01\/007-1-768x1024.jpeg 768w, https:\/\/elsotanoanalogico.com\/wp-content\/uploads\/2024\/01\/007-1-225x300.jpeg 225w, https:\/\/elsotanoanalogico.com\/wp-content\/uploads\/2024\/01\/007-1-1152x1536.jpeg 1152w, https:\/\/elsotanoanalogico.com\/wp-content\/uploads\/2024\/01\/007-1.jpeg 1200w\" sizes=\"auto, (max-width: 768px) 100vw, 768px\" \/><\/figure>\n\n\n\n<figure class=\"wp-block-image size-large is-style-default\"><img loading=\"lazy\" decoding=\"async\" width=\"768\" height=\"1024\" data-id=\"1128\" src=\"https:\/\/elsotanoanalogico.com\/wp-content\/uploads\/2024\/01\/006-1-768x1024.jpeg\" alt=\"\" class=\"wp-image-1128\" srcset=\"https:\/\/elsotanoanalogico.com\/wp-content\/uploads\/2024\/01\/006-1-768x1024.jpeg 768w, https:\/\/elsotanoanalogico.com\/wp-content\/uploads\/2024\/01\/006-1-225x300.jpeg 225w, https:\/\/elsotanoanalogico.com\/wp-content\/uploads\/2024\/01\/006-1-1152x1536.jpeg 1152w, https:\/\/elsotanoanalogico.com\/wp-content\/uploads\/2024\/01\/006-1.jpeg 1200w\" sizes=\"auto, (max-width: 768px) 100vw, 768px\" \/><\/figure>\n<\/figure>\n\n\n\n<p><br><strong>El S\u00f3tano Anal\u00f3gico<\/strong> tiene como objetivo principal promover la escena art\u00edstica en Canarias, establecer conexiones con otros espacios creativos, y contribuir al desarrollo de los nuevos movimientos (contra)culturales surgidos desde la experimentaci\u00f3n audiovisual y est\u00e9tica con tecnolog\u00eda anal\u00f3gica y\/o modificada.<\/p>\n\n\n\n<figure class=\"wp-block-image size-large is-resized\"><img loading=\"lazy\" decoding=\"async\" width=\"699\" height=\"1024\" src=\"https:\/\/elsotanoanalogico.com\/wp-content\/uploads\/2021\/11\/hazte_socio-1-699x1024.jpg\" alt=\"\" class=\"wp-image-142\" style=\"width:524px;height:768px\" srcset=\"https:\/\/elsotanoanalogico.com\/wp-content\/uploads\/2021\/11\/hazte_socio-1-699x1024.jpg 699w, https:\/\/elsotanoanalogico.com\/wp-content\/uploads\/2021\/11\/hazte_socio-1-205x300.jpg 205w, https:\/\/elsotanoanalogico.com\/wp-content\/uploads\/2021\/11\/hazte_socio-1-768x1125.jpg 768w, https:\/\/elsotanoanalogico.com\/wp-content\/uploads\/2021\/11\/hazte_socio-1-1048x1536.jpg 1048w, https:\/\/elsotanoanalogico.com\/wp-content\/uploads\/2021\/11\/hazte_socio-1-1200x1758.jpg 1200w, https:\/\/elsotanoanalogico.com\/wp-content\/uploads\/2021\/11\/hazte_socio-1.jpg 1242w\" sizes=\"auto, (max-width: 699px) 100vw, 699px\" \/><\/figure>\n\n\n\n<p><\/p>\n","protected":false},"excerpt":{"rendered":"<p>El S\u00f3tano Anal\u00f3gico es una asociaci\u00f3n cultural que promueve el uso y la conservaci\u00f3n de aparatos audiovisuales anal\u00f3gicos para fines creativos. Fue fundada a mediados de 2020 por el productor [&hellip;]<\/p>\n","protected":false},"author":2,"featured_media":0,"parent":0,"menu_order":1,"comment_status":"closed","ping_status":"closed","template":"","meta":{"footnotes":""},"class_list":["post-82","page","type-page","status-publish","hentry"],"_links":{"self":[{"href":"https:\/\/elsotanoanalogico.com\/index.php\/wp-json\/wp\/v2\/pages\/82","targetHints":{"allow":["GET"]}}],"collection":[{"href":"https:\/\/elsotanoanalogico.com\/index.php\/wp-json\/wp\/v2\/pages"}],"about":[{"href":"https:\/\/elsotanoanalogico.com\/index.php\/wp-json\/wp\/v2\/types\/page"}],"author":[{"embeddable":true,"href":"https:\/\/elsotanoanalogico.com\/index.php\/wp-json\/wp\/v2\/users\/2"}],"replies":[{"embeddable":true,"href":"https:\/\/elsotanoanalogico.com\/index.php\/wp-json\/wp\/v2\/comments?post=82"}],"version-history":[{"count":9,"href":"https:\/\/elsotanoanalogico.com\/index.php\/wp-json\/wp\/v2\/pages\/82\/revisions"}],"predecessor-version":[{"id":1131,"href":"https:\/\/elsotanoanalogico.com\/index.php\/wp-json\/wp\/v2\/pages\/82\/revisions\/1131"}],"wp:attachment":[{"href":"https:\/\/elsotanoanalogico.com\/index.php\/wp-json\/wp\/v2\/media?parent=82"}],"curies":[{"name":"wp","href":"https:\/\/api.w.org\/{rel}","templated":true}]}}